{"id":32,"date":"2016-04-05T08:05:14","date_gmt":"2016-04-05T08:05:14","guid":{"rendered":"http:\/\/nucleo-ortopedico.com.ar\/inicio\/?page_id=32"},"modified":"2020-10-23T13:10:28","modified_gmt":"2020-10-23T13:10:28","slug":"quienes-somos","status":"publish","type":"page","link":"https:\/\/nucleo-ortopedico.com.ar\/inicio\/?page_id=32","title":{"rendered":"Quienes somos"},"content":{"rendered":"<h3><strong>NUCLEO ORTOPEDICO<\/strong> es una <strong><em>Gu\u00eda de proveedores para Ortopedias<\/em><\/strong> que naci\u00f3 en junio de 1999 cuando surgi\u00f3 la necesidad de promocionar calzado ortop\u00e9dico sin existir un medio espec\u00edfico para hacerlo.<\/h3>\n<p>En estos a\u00f1os experimentamos numerosos cambios en pos de lograr un producto \u00fatil, pr\u00e1ctico y de alto impacto visual y estamos muy orgullosos de haber cumplido con las expectativas de nuestros anunciantes y suscriptores.<\/p>\n<p>Actualmente editamos dos ejemplares impresos por a\u00f1o, de suscripci\u00f3n gratuita y directa al rubro de nuestro inter\u00e9s: todas las ortopedias, fabricantes y distribuidores de art\u00edculos ortop\u00e9dicos y\/o comercializados en ortopedias del pa\u00eds. Tambi\u00e9n tenemos entre nuestros suscriptores a m\u00e9dicos, instituciones, farmacias, pod\u00f3logos, kinesi\u00f3logos.<\/p>\n<p>Fuimos auspiciantes de los Symposiums Internacionales de Rehabilitaci\u00f3n y Equipamiento del Amputado organizados por FAACAD y AADA en ExpoMedical desde 2002 hasta el \u00faltimo realizado 2012.<\/p>\n<p>Desde la primera versi\u00f3n de Expo Ortop\u00e9dica en 2011, colaboramos con la difusi\u00f3n de este evento que va superando a\u00f1o a a\u00f1o todas las metas propuestas\u00a0y estamos presentes en nuestro stand donde los recibiremos con gusto.<\/p>\n<p>Adem\u00e1s de la posibilidad de consultar nuestra web, tambi\u00e9n distribuimos gratuitamente los ejemplares impresos en: Uruguay, Chile y desde 2018 llegamos a Paraguay<\/p>\n","protected":false},"excerpt":{"rendered":"<p>NUCLEO ORTOPEDICO es una Gu\u00eda de proveedores para Ortopedias que naci\u00f3 en junio de 1999 cuando surgi\u00f3 la necesidad de promocionar calzado ortop\u00e9dico sin existir un medio espec\u00edfico para hacerlo. En estos a\u00f1os experimentamos numerosos cambios en pos de lograr un producto \u00fatil, pr\u00e1ctico y de alto impacto visual y estamos muy orgullosos de haber [&hellip;]<\/p>\n","protected":false},"author":1,"featured_media":0,"parent":0,"menu_order":0,"comment_status":"closed","ping_status":"closed","template":"tmp-quienes_somos.php","meta":{"footnotes":""},"class_list":["post-32","page","type-page","status-publish","hentry"],"_links":{"self":[{"href":"https:\/\/nucleo-ortopedico.com.ar\/inicio\/index.php?rest_route=\/wp\/v2\/pages\/32","targetHints":{"allow":["GET"]}}],"collection":[{"href":"https:\/\/nucleo-ortopedico.com.ar\/inicio\/index.php?rest_route=\/wp\/v2\/pages"}],"about":[{"href":"https:\/\/nucleo-ortopedico.com.ar\/inicio\/index.php?rest_route=\/wp\/v2\/types\/page"}],"author":[{"embeddable":true,"href":"https:\/\/nucleo-ortopedico.com.ar\/inicio\/index.php?rest_route=\/wp\/v2\/users\/1"}],"replies":[{"embeddable":true,"href":"https:\/\/nucleo-ortopedico.com.ar\/inicio\/index.php?rest_route=%2Fwp%2Fv2%2Fcomments&post=32"}],"version-history":[{"count":11,"href":"https:\/\/nucleo-ortopedico.com.ar\/inicio\/index.php?rest_route=\/wp\/v2\/pages\/32\/revisions"}],"predecessor-version":[{"id":1708,"href":"https:\/\/nucleo-ortopedico.com.ar\/inicio\/index.php?rest_route=\/wp\/v2\/pages\/32\/revisions\/1708"}],"wp:attachment":[{"href":"https:\/\/nucleo-ortopedico.com.ar\/inicio\/index.php?rest_route=%2Fwp%2Fv2%2Fmedia&parent=32"}],"curies":[{"name":"wp","href":"https:\/\/api.w.org\/{rel}","templated":true}]}}